{"id":419,"date":"2024-01-15T13:04:44","date_gmt":"2024-01-15T13:04:44","guid":{"rendered":"https:\/\/plaseinsecte.com\/?page_id=419"},"modified":"2026-03-23T08:13:01","modified_gmt":"2026-03-23T08:13:01","slug":"despre-noi","status":"publish","type":"page","link":"https:\/\/plaseinsecte.com\/en\/despre-noi\/","title":{"rendered":"About us"},"content":{"rendered":"<section class=\"section dark is-full-height\" id=\"section_1259004908\">\n\t\t<div class=\"bg section-bg fill bg-fill\" >\n\n\t\t\t\n\t\t\t<div class=\"section-bg-overlay absolute fill\"><\/div>\n\t\t\t\n\n\t\t<\/div>\n\n\t\t\n\t<div class=\"ux-shape-divider ux-shape-divider--bottom ux-shape-divider--style-tilt\">\n\t\t<svg viewbox=\"0 0 1000 100\" xmlns=\"http:\/\/www.w3.org\/2000\/svg\" preserveaspectratio=\"none\">\n\t<path class=\"ux-shape-fill\" d=\"M1000 100V0L-40 100H1000Z\"\/>\n<\/svg>\n\t<\/div>\n\n\t\t<div class=\"section-content relative\">\n\t\t\t\n\n\t<div id=\"gap-567382921\" class=\"gap-element clearfix\" style=\"display:block; height:auto;\">\n\t\t\n<style>\n#gap-567382921 {\n  padding-top: 60px;\n}\n@media (min-width:550px) {\n  #gap-567382921 {\n    padding-top: 100px;\n  }\n}\n<\/style>\n\t<\/div>\n\t\n\n<div class=\"row\"  id=\"row-1766804482\">\n\n\n\t<div id=\"col-1732091860\" class=\"col medium-9 small-12 large-9\"  data-animate=\"fadeInUp\">\n\t\t\t\t<div class=\"col-inner\"  >\n\t\t\t\n\t\t\t\n\n\t<div id=\"text-535929932\" class=\"text\">\n\t\t\n\n<h1>About us<\/h1>\n\t\t\n<style>\n#text-535929932 {\n  font-size: 1.5rem;\n}\n@media (min-width:550px) {\n  #text-535929932 {\n    font-size: 1.5rem;\n  }\n}\n<\/style>\n\t<\/div>\n\t\n\t<div id=\"text-2240953511\" class=\"text\">\n\t\t\n\n<p>Suntem produc\u0103tori \u0219i furnizori de sisteme pentru protec\u021bie solar\u0103 \u0219i insecte, oferind solu\u021bii profesionale pentru parteneri din domeniul t\u00e2mpl\u0103riei PVC \u0219i aluminiu. De la consultan\u021b\u0103 tehnic\u0103 p\u00e2n\u0103 la produse finite, echipa noastr\u0103 ofer\u0103 suport complet pentru proiecte eficiente \u0219i durabile.<\/p>\n\n\t\t\n<style>\n#text-2240953511 {\n  font-size: 1.1rem;\n}\n@media (min-width:550px) {\n  #text-2240953511 {\n    font-size: 1.3rem;\n  }\n}\n<\/style>\n\t<\/div>\n\t\n<a href=\"https:\/\/plaseinsecte.com\/en\/contact\/#date-contact\" class=\"button primary\"  style=\"border-radius:2px;\">\n    <span>Contact us<\/span>\n  <\/a>\n\n\n<a href=\"#detalii-despre-noi\" class=\"button white is-underline\"  style=\"border-radius:99px;\">\n    <span>Learn more<\/span>\n  <\/a>\n\n\n\n\t\t<\/div>\n\t\t\t\t\n<style>\n#col-1732091860 > .col-inner {\n  margin: 30px 0px 0px 0px;\n}\n<\/style>\n\t<\/div>\n\n\t\n\n<\/div>\n\n\t\t<\/div>\n\n\t\t\n<style>\n#section_1259004908 {\n  padding-top: 30px;\n  padding-bottom: 30px;\n  min-height: 100vh;\n}\n#section_1259004908 .section-bg-overlay {\n  background-color: rgba(0, 0, 0, 0.738);\n}\n#section_1259004908 .section-bg.bg-loaded {\n  background-image: url(https:\/\/plaseinsecte.com\/wp-content\/uploads\/2026\/02\/Masters-banner-principal-80.png);\n}\n#section_1259004908 .section-bg {\n  background-position: 36% 71%;\n}\n#section_1259004908 .ux-shape-divider--bottom svg {\n  height: 100px;\n  --divider-width: 100%;\n}\n<\/style>\n\t<\/section>\n\t\n<span class=\"scroll-to\" data-label=\"Scroll to: #detalii-despre-noi\" data-bullet=\"false\" data-link=\"#detalii-despre-noi\" data-title=\"detalii-despre-noi\" ><a name=\"detalii-despre-noi\"><\/a><\/span>\n\n\t<div id=\"gap-1179919147\" class=\"gap-element clearfix\" style=\"display:block; height:auto;\">\n\t\t\n<style>\n#gap-1179919147 {\n  padding-top: 60px;\n}\n@media (min-width:550px) {\n  #gap-1179919147 {\n    padding-top: 100px;\n  }\n}\n<\/style>\n\t<\/div>\n\t\n\n<div class=\"row row-large align-middle\"  id=\"row-1016481193\">\n\n\n\t<div id=\"col-1347403798\" class=\"col medium-12 small-12 large-6\"  data-animate=\"fadeInLeft\">\n\t\t\t\t<div class=\"col-inner\"  >\n\t\t\t\n\t\t\t\n\n<div class=\"row row-small\"  id=\"row-1018923051\">\n\n\n\t<div id=\"col-2040156349\" class=\"col small-12 large-12\"  >\n\t\t\t\t<div class=\"col-inner\"  >\n\t\t\t\n\t\t\t\n\n\n  <div class=\"banner has-hover\" id=\"banner-792040116\">\n          <div class=\"banner-inner fill\">\n        <div class=\"banner-bg fill\" >\n            <div class=\"bg fill bg-fill\"><\/div>\n                                    \n                    <\/div>\n\t\t\n        <div class=\"banner-layers container\">\n            <div class=\"fill banner-link\"><\/div>            \n\n\n        <\/div>\n      <\/div>\n\n            \n<style>\n#banner-792040116 {\n  padding-top: 99.99%;\n}\n#banner-792040116 .bg.bg-loaded {\n  background-image: url(https:\/\/plaseinsecte.com\/wp-content\/uploads\/2026\/02\/Masters-banner-principal-78.png);\n}\n#banner-792040116 .bg {\n  background-position: 48% 35%;\n}\n@media (min-width:550px) {\n  #banner-792040116 {\n    padding-top: 400px;\n  }\n}\n<\/style>\n  <\/div>\n\n\n\n\t\t<\/div>\n\t\t\t\t\t<\/div>\n\n\t\n\n<\/div>\n\n\t\t<\/div>\n\t\t\t\t\n<style>\n#col-1347403798 > .col-inner {\n  padding: 0px 0px 0px 0px;\n}\n<\/style>\n\t<\/div>\n\n\t\n\n\t<div id=\"col-1892567244\" class=\"col medium-12 small-12 large-6 small-col-first\"  data-animate=\"fadeInRight\">\n\t\t\t\t<div class=\"col-inner\"  >\n\t\t\t\n\t\t\t\n\n<h6>EXPERIEN\u021a\u0102<\/h6>\n<h2>Partener de \u00eencredere pentru profesioni\u0219ti<\/h2>\n<p>Cu experien\u021b\u0103 \u00een domeniul sistemelor pentru ferestre \u0219i u\u0219i, ne-am dezvoltat ca un furnizor stabil \u0219i orientat spre calitate, oferind produse adaptate cerin\u021belor pie\u021bei \u0219i standardelor tehnice actuale.<\/p>\n<p>Colabor\u0103m cu produc\u0103tori de t\u00e2mpl\u0103rie, firme de montaj \u0219i dezvoltatori, oferind solu\u021bii fiabile pentru proiecte reziden\u021biale \u0219i comerciale, indiferent de dimensiunea acestora.<\/p>\n\n\n\t\t<\/div>\n\t\t\t\t\n<style>\n#col-1892567244 > .col-inner {\n  padding: 0px 0px 0px 0px;\n}\n@media (min-width:550px) {\n  #col-1892567244 > .col-inner {\n    padding: 0px 0px 0px 50px;\n  }\n}\n<\/style>\n\t<\/div>\n\n\t\n\n<\/div>\n\t<div id=\"gap-628850384\" class=\"gap-element clearfix\" style=\"display:block; height:auto;\">\n\t\t\n<style>\n#gap-628850384 {\n  padding-top: 60px;\n}\n@media (min-width:550px) {\n  #gap-628850384 {\n    padding-top: 100px;\n  }\n}\n<\/style>\n\t<\/div>\n\t\n\n<div class=\"row row-large row-full-width align-middle\"  id=\"row-519347092\">\n\n\n\t<div id=\"col-472344038\" class=\"col medium-12 small-12 large-6 small-col-first\"  data-animate=\"fadeInLeft\">\n\t\t\t\t<div class=\"col-inner text-center\"  >\n\t\t\t\n\t\t\t\n\n<h6>Dorin\u021b\u0103<\/h6>\n<h2>Misiune<\/h2>\n<p>Misiunea noastr\u0103 este s\u0103 oferim sisteme eficiente \u0219i durabile care contribuie la confortul \u0219i func\u021bionalitatea spa\u021biilor construite. Ne concentr\u0103m pe calitatea produselor, fiabilitatea componentelor \u0219i suportul oferit partenerilor no\u0219tri.<\/p>\n<p>Ne dorim s\u0103 dezvolt\u0103m colabor\u0103ri pe termen lung \u0219i s\u0103 aducem constant \u00eembun\u0103t\u0103\u021biri tehnice produselor, pentru a r\u0103spunde cerin\u021belor \u00een continu\u0103 evolu\u021bie ale pie\u021bei.<\/p>\n<p>Prin fiecare proiect, urm\u0103rim s\u0103 oferim solu\u021bii practice, eficiente \u0219i u\u0219or de integrat \u00een sistemele existente de t\u00e2mpl\u0103rie \u0219i construc\u021bii.<\/p>\n\n\n\t\t<\/div>\n\t\t\t\t\n<style>\n#col-472344038 > .col-inner {\n  padding: 0px 0px 0px 0px;\n}\n<\/style>\n\t<\/div>\n\n\t\n\n\t<div id=\"col-1425273234\" class=\"col medium-12 small-12 large-6 small-col-first\"  data-animate=\"fadeInRight\">\n\t\t\t\t<div class=\"col-inner\"  >\n\t\t\t\n\t\t\t\n\n\n  <div class=\"banner has-hover\" id=\"banner-1150355543\">\n          <div class=\"banner-inner fill\">\n        <div class=\"banner-bg fill\" >\n            <div class=\"bg fill bg-fill\"><\/div>\n                                    \n                    <\/div>\n\t\t\n        <div class=\"banner-layers container\">\n            <div class=\"fill banner-link\"><\/div>            \n\n\n        <\/div>\n      <\/div>\n\n            \n<style>\n#banner-1150355543 {\n  padding-top: 500px;\n}\n#banner-1150355543 .bg.bg-loaded {\n  background-image: url(https:\/\/plaseinsecte.com\/wp-content\/uploads\/2026\/02\/Masters-banner-principal-79.png);\n}\n<\/style>\n  <\/div>\n\n\n\n\t\t<\/div>\n\t\t\t\t\t<\/div>\n\n\t\n\n<\/div>\n\t<div id=\"gap-1578461001\" class=\"gap-element clearfix\" style=\"display:block; height:auto;\">\n\t\t\n<style>\n#gap-1578461001 {\n  padding-top: 60px;\n}\n@media (min-width:550px) {\n  #gap-1578461001 {\n    padding-top: 100px;\n  }\n}\n<\/style>\n\t<\/div>\n\t\n\n<div class=\"row row-large align-middle\"  id=\"row-1706390774\">\n\n\n\t<div id=\"col-1027284924\" class=\"col medium-12 small-12 large-6\"  data-animate=\"fadeInLeft\">\n\t\t\t\t<div class=\"col-inner\"  >\n\t\t\t\n\t\t\t\n\n<div class=\"row row-small\"  id=\"row-148708440\">\n\n\n\t<div id=\"col-1220759090\" class=\"col small-12 large-12\"  >\n\t\t\t\t<div class=\"col-inner\"  >\n\t\t\t\n\t\t\t\n\n\n  <div class=\"banner has-hover\" id=\"banner-855927731\">\n          <div class=\"banner-inner fill\">\n        <div class=\"banner-bg fill\" >\n            <div class=\"bg fill bg-fill\"><\/div>\n                                    \n                    <\/div>\n\t\t\n        <div class=\"banner-layers container\">\n            <div class=\"fill banner-link\"><\/div>            \n\n\n        <\/div>\n      <\/div>\n\n            \n<style>\n#banner-855927731 {\n  padding-top: 99.99%;\n}\n#banner-855927731 .bg.bg-loaded {\n  background-image: url(https:\/\/plaseinsecte.com\/wp-content\/uploads\/2026\/02\/Masters-banner-principal-65.png);\n}\n#banner-855927731 .bg {\n  background-position: 46% 0%;\n}\n@media (min-width:550px) {\n  #banner-855927731 {\n    padding-top: 400px;\n  }\n}\n<\/style>\n  <\/div>\n\n\n\n\t\t<\/div>\n\t\t\t\t\t<\/div>\n\n\t\n\n<\/div>\n\n\t\t<\/div>\n\t\t\t\t\n<style>\n#col-1027284924 > .col-inner {\n  padding: 0px 0px 0px 0px;\n}\n<\/style>\n\t<\/div>\n\n\t\n\n\t<div id=\"col-608419525\" class=\"col medium-12 small-12 large-6 small-col-first\"  data-animate=\"fadeInRight\">\n\t\t\t\t<div class=\"col-inner\"  >\n\t\t\t\n\t\t\t\n\n<h6>Pasiune<\/h6>\n<h2>Viziune<\/h2>\n<p>Viziunea noastr\u0103 este s\u0103 devenim un reper de \u00eencredere \u00een domeniul sistemelor pentru protec\u021bie solar\u0103 \u0219i insecte, recunoscu\u021bi pentru calitatea produselor \u0219i profesionalismul colabor\u0103rilor.<\/p>\n<p>Ne propunem s\u0103 contribuim la dezvoltarea pie\u021bei prin solu\u021bii moderne, adaptate cerin\u021belor arhitecturale actuale, \u0219i prin parteneriate solide construite pe \u00eencredere \u0219i performan\u021b\u0103.<\/p>\n\n\n\t\t<\/div>\n\t\t\t\t\n<style>\n#col-608419525 > .col-inner {\n  padding: 0px 0px 0px 0px;\n}\n@media (min-width:550px) {\n  #col-608419525 > .col-inner {\n    padding: 0px 0px 0px 50px;\n  }\n}\n<\/style>\n\t<\/div>\n\n\t\n\n<\/div>\n\t<div id=\"gap-1735682771\" class=\"gap-element clearfix\" style=\"display:block; height:auto;\">\n\t\t\n<style>\n#gap-1735682771 {\n  padding-top: 60px;\n}\n@media (min-width:550px) {\n  #gap-1735682771 {\n    padding-top: 70px;\n  }\n}\n<\/style>\n\t<\/div>\n\t\n\n\t<section class=\"section dark has-parallax\" id=\"section_1459319176\">\n\t\t<div class=\"bg section-bg fill bg-fill\" data-parallax-container=\".section\" data-parallax-background data-parallax=\"-10\">\n\n\t\t\t\n\t\t\t<div class=\"section-bg-overlay absolute fill\"><\/div>\n\t\t\t\n\n\t\t<\/div>\n\n\t\t\t<div class=\"ux-shape-divider ux-shape-divider--top ux-shape-divider--style-tilt ux-shape-divider--flip\">\n\t\t<svg viewbox=\"0 0 1000 100\" xmlns=\"http:\/\/www.w3.org\/2000\/svg\" preserveaspectratio=\"none\">\n\t<path class=\"ux-shape-fill\" d=\"M1000 100V0L-40 100H1000Z\"\/>\n<\/svg>\n\t<\/div>\n\n\n\t\t<div class=\"section-content relative\">\n\t\t\t\n\n<div class=\"row\"  id=\"row-1080477177\">\n\n\n\t<div id=\"col-1192990829\" class=\"col small-12 large-12\"  data-animate=\"fadeInUp\">\n\t\t\t\t<div class=\"col-inner text-center\"  >\n\t\t\t\n\t\t\t\n\n\t<div id=\"text-2149712287\" class=\"text\">\n\t\t\n\n<h2>The right partner for your projects<\/h2>\n\n\t\t\n<style>\n#text-2149712287 {\n  font-size: 1.8rem;\n}\n@media (min-width:550px) {\n  #text-2149712287 {\n    font-size: 1.8rem;\n  }\n}\n<\/style>\n\t<\/div>\n\t\n\t<div id=\"text-3880659453\" class=\"text\">\n\t\t\n\n<p>Products crafted with attention to detail, on-time delivery, and dedicated support for every partnership.<\/p>\n\n\t\t\n<style>\n#text-3880659453 {\n  font-size: 1.2rem;\n}\n<\/style>\n\t<\/div>\n\t\n\n\t\t<\/div>\n\t\t\t\t\n<style>\n#col-1192990829 > .col-inner {\n  padding: 120px 0px 0px 0px;\n}\n@media (min-width:550px) {\n  #col-1192990829 > .col-inner {\n    padding: 30px 0px 0px 0px;\n  }\n}\n<\/style>\n\t<\/div>\n\n\t\n\n<\/div>\n\n\t\t<\/div>\n\n\t\t\n<style>\n#section_1459319176 {\n  padding-top: 30px;\n  padding-bottom: 30px;\n  min-height: 400px;\n}\n#section_1459319176 .section-bg-overlay {\n  background-color: rgba(0, 0, 0, 0.738);\n}\n#section_1459319176 .section-bg.bg-loaded {\n  background-image: url(https:\/\/plaseinsecte.com\/wp-content\/uploads\/2026\/02\/Masters-banner-principal-68.png);\n}\n#section_1459319176 .section-bg {\n  background-position: 46% 42%;\n}\n#section_1459319176 .ux-shape-divider--top svg {\n  height: 100px;\n  --divider-top-width: 100%;\n}\n@media (min-width:850px) {\n  #section_1459319176 {\n    min-height: 500px;\n  }\n}\n<\/style>\n\t<\/section>\n\t\n\t<section class=\"section dark\" id=\"section_351320413\">\n\t\t<div class=\"bg section-bg fill bg-fill  bg-loaded\" >\n\n\t\t\t\n\t\t\t\n\t\t\t\n\n\t\t<\/div>\n\n\t\t\n\n\t\t<div class=\"section-content relative\">\n\t\t\t\n\n\t<div id=\"gap-429217503\" class=\"gap-element clearfix\" style=\"display:block; height:auto;\">\n\t\t\n<style>\n#gap-429217503 {\n  padding-top: 40px;\n}\n<\/style>\n\t<\/div>\n\t\n\n<div class=\"row\"  id=\"row-36769860\">\n\n\n\t<div id=\"col-1114384161\" class=\"col medium-12 small-12 large-9\"  data-animate=\"fadeInUp\">\n\t\t\t\t<div class=\"col-inner\"  >\n\t\t\t\n\t\t\t\n\n\t<div id=\"text-4150241457\" class=\"text\">\n\t\t\n\n<h3>Request information and start the collaboration.<\/h3>\n\n\t\t\n<style>\n#text-4150241457 {\n  text-align: center;\n}\n@media (min-width:550px) {\n  #text-4150241457 {\n    text-align: left;\n  }\n}\n<\/style>\n\t<\/div>\n\t\n\n\t\t<\/div>\n\t\t\t\t\t<\/div>\n\n\t\n\n\t<div id=\"col-1672355764\" class=\"col hide-for-small medium-12 small-12 large-3\"  data-animate=\"fadeInUp\">\n\t\t\t\t<div class=\"col-inner text-right\"  >\n\t\t\t\n\t\t\t\n\n<a href=\"https:\/\/plaseinsecte.com\/en\/contact\/#date-contact\" class=\"button primary\"  style=\"border-radius:2px;\">\n    <span>Contact us<\/span>\n  <\/a>\n\n\n\n\t\t<\/div>\n\t\t\t\t\t<\/div>\n\n\t\n\n\t<div id=\"col-844911726\" class=\"col show-for-small medium-12 small-12 large-2\"  >\n\t\t\t\t<div class=\"col-inner text-center\"  >\n\t\t\t\n\t\t\t\n\n<a href=\"https:\/\/plaseinsecte.com\/en\/contact\/#date-contact\" class=\"button primary\"  style=\"border-radius:2px;\">\n    <span>Contact us<\/span>\n  <\/a>\n\n\n\n\t\t<\/div>\n\t\t\t\t\t<\/div>\n\n\t\n\n<\/div>\n\n\t\t<\/div>\n\n\t\t\n<style>\n#section_351320413 {\n  padding-top: 0px;\n  padding-bottom: 0px;\n  background-color: rgb(59, 57, 62);\n}\n<\/style>\n\t<\/section>","protected":false},"excerpt":{"rendered":"","protected":false},"author":1,"featured_media":0,"parent":0,"menu_order":0,"comment_status":"closed","ping_status":"closed","template":"page-transparent-header-light.php","meta":{"footnotes":""},"class_list":["post-419","page","type-page","status-publish","hentry"],"yoast_head":"<!-- This site is optimized with the Yoast SEO Premium plugin v27.4 (Yoast SEO v27.4) - https:\/\/yoast.com\/product\/yoast-seo-premium-wordpress\/ -->\n<title>Plase Insecte - B-Smart | Despre noi<\/title>\n<meta name=\"description\" content=\"Suntem o companie ce produce sisteme de plase anti insecte. Sisteme clasice, fixe, batante, rulou, glisante sau plisse.\" \/>\n<meta name=\"robots\" content=\"index, follow, max-snippet:-1, max-image-preview:large, max-video-preview:-1\" \/>\n<link rel=\"canonical\" href=\"https:\/\/plaseinsecte.com\/en\/despre-noi\/\" \/>\n<meta property=\"og:locale\" content=\"en_GB\" \/>\n<meta property=\"og:type\" content=\"article\" \/>\n<meta property=\"og:title\" content=\"Despre noi\" \/>\n<meta property=\"og:description\" content=\"Suntem o companie ce produce sisteme de plase anti insecte. Sisteme clasice, fixe, batante, rulou, glisante sau plisse.\" \/>\n<meta property=\"og:url\" content=\"https:\/\/plaseinsecte.com\/en\/despre-noi\/\" \/>\n<meta property=\"og:site_name\" content=\"plaseinsecte.com\" \/>\n<meta property=\"article:publisher\" content=\"https:\/\/www.facebook.com\/plaseinsecte.bbbinvest.ro\" \/>\n<meta property=\"article:modified_time\" content=\"2026-03-23T08:13:01+00:00\" \/>\n<meta property=\"og:image\" content=\"https:\/\/plaseinsecte.com\/wp-content\/uploads\/2026\/02\/Plase-insecte-logo-v3.png\" \/>\n\t<meta property=\"og:image:width\" content=\"1000\" \/>\n\t<meta property=\"og:image:height\" content=\"1000\" \/>\n\t<meta property=\"og:image:type\" content=\"image\/png\" \/>\n<meta name=\"twitter:card\" content=\"summary_large_image\" \/>\n<meta name=\"twitter:label1\" content=\"Estimated reading time\" \/>\n\t<meta name=\"twitter:data1\" content=\"3 minutes\" \/>\n<script type=\"application\/ld+json\" class=\"yoast-schema-graph\">{\"@context\":\"https:\\\/\\\/schema.org\",\"@graph\":[{\"@type\":\"WebPage\",\"@id\":\"https:\\\/\\\/plaseinsecte.com\\\/despre-noi\\\/\",\"url\":\"https:\\\/\\\/plaseinsecte.com\\\/despre-noi\\\/\",\"name\":\"Plase Insecte - B-Smart | Despre noi\",\"isPartOf\":{\"@id\":\"https:\\\/\\\/plaseinsecte.com\\\/#website\"},\"datePublished\":\"2024-01-15T13:04:44+00:00\",\"dateModified\":\"2026-03-23T08:13:01+00:00\",\"description\":\"Suntem o companie ce produce sisteme de plase anti insecte. Sisteme clasice, fixe, batante, rulou, glisante sau plisse.\",\"breadcrumb\":{\"@id\":\"https:\\\/\\\/plaseinsecte.com\\\/despre-noi\\\/#breadcrumb\"},\"inLanguage\":\"en-GB\",\"potentialAction\":[{\"@type\":\"ReadAction\",\"target\":[\"https:\\\/\\\/plaseinsecte.com\\\/despre-noi\\\/\"]}]},{\"@type\":\"BreadcrumbList\",\"@id\":\"https:\\\/\\\/plaseinsecte.com\\\/despre-noi\\\/#breadcrumb\",\"itemListElement\":[{\"@type\":\"ListItem\",\"position\":1,\"name\":\"Prima pagin\u0103\",\"item\":\"https:\\\/\\\/plaseinsecte.com\\\/\"},{\"@type\":\"ListItem\",\"position\":2,\"name\":\"Despre noi\"}]},{\"@type\":\"WebSite\",\"@id\":\"https:\\\/\\\/plaseinsecte.com\\\/#website\",\"url\":\"https:\\\/\\\/plaseinsecte.com\\\/\",\"name\":\"plaseinsecte.com\",\"description\":\"Pentru un somn lini\u0219tit\",\"publisher\":{\"@id\":\"https:\\\/\\\/plaseinsecte.com\\\/#organization\"},\"potentialAction\":[{\"@type\":\"SearchAction\",\"target\":{\"@type\":\"EntryPoint\",\"urlTemplate\":\"https:\\\/\\\/plaseinsecte.com\\\/?s={search_term_string}\"},\"query-input\":{\"@type\":\"PropertyValueSpecification\",\"valueRequired\":true,\"valueName\":\"search_term_string\"}}],\"inLanguage\":\"en-GB\"},{\"@type\":[\"Organization\",\"Place\",\"HomeAndConstructionBusiness\"],\"@id\":\"https:\\\/\\\/plaseinsecte.com\\\/#organization\",\"name\":\"plaseinsecte.com\",\"url\":\"https:\\\/\\\/plaseinsecte.com\\\/\",\"logo\":{\"@id\":\"https:\\\/\\\/plaseinsecte.com\\\/despre-noi\\\/#local-main-organization-logo\"},\"image\":{\"@id\":\"https:\\\/\\\/plaseinsecte.com\\\/despre-noi\\\/#local-main-organization-logo\"},\"sameAs\":[\"https:\\\/\\\/www.facebook.com\\\/plaseinsecte.bbbinvest.ro\"],\"description\":\"Lucr\u0103m cu parteneri din zona de montaj, produc\u021bie \u0219i dezvoltare imobiliar\u0103, oferind sisteme de plase anti insecte g\u00e2ndite pentru integrare corect\u0103 \u0219i utilizare durabil\u0103. Ne concentr\u0103m pe execu\u021bie precis\u0103, materiale potrivite pentru proiecte moderne \u0219i o estetic\u0103 discret\u0103, care completeaz\u0103 t\u00e2mpl\u0103ria f\u0103r\u0103 compromisuri.\",\"address\":{\"@id\":\"https:\\\/\\\/plaseinsecte.com\\\/despre-noi\\\/#local-main-place-address\"},\"telephone\":[\"0771 448 785\"],\"contactPoint\":{\"@type\":\"ContactPoint\",\"telephone\":\"0771 448 785\",\"email\":\"contact@plaseinsecte.com\"},\"openingHoursSpecification\":[{\"@type\":\"OpeningHoursSpecification\",\"dayOfWeek\":[\"Monday\",\"Tuesday\",\"Wednesday\",\"Thursday\",\"Friday\"],\"opens\":\"09:00\",\"closes\":\"16:30\"},{\"@type\":\"OpeningHoursSpecification\",\"dayOfWeek\":[\"Saturday\",\"Sunday\"],\"opens\":\"00:00\",\"closes\":\"00:00\"}],\"email\":\"contact@plaseinsecte.com\",\"vatID\":\"RO24117467\"},{\"@type\":\"PostalAddress\",\"@id\":\"https:\\\/\\\/plaseinsecte.com\\\/despre-noi\\\/#local-main-place-address\",\"streetAddress\":\"Soseaua Alexandriei 98-100\",\"addressLocality\":\"Bragadiru\",\"postalCode\":\"077025\",\"addressRegion\":\"Jude\u021bul Ilfov\",\"addressCountry\":\"RO\"},{\"@type\":\"ImageObject\",\"inLanguage\":\"en-GB\",\"@id\":\"https:\\\/\\\/plaseinsecte.com\\\/despre-noi\\\/#local-main-organization-logo\",\"url\":\"https:\\\/\\\/plaseinsecte.com\\\/wp-content\\\/uploads\\\/2026\\\/02\\\/Plase-insecte-logo-v3.png\",\"contentUrl\":\"https:\\\/\\\/plaseinsecte.com\\\/wp-content\\\/uploads\\\/2026\\\/02\\\/Plase-insecte-logo-v3.png\",\"width\":1000,\"height\":1000,\"caption\":\"plaseinsecte.com\"}]}<\/script>\n<meta name=\"geo.placename\" content=\"Bragadiru\" \/>\n<meta name=\"geo.region\" content=\"Romania\" \/>\n<!-- \/ Yoast SEO Premium plugin. -->","yoast_head_json":{"title":"Plase Insecte - B-Smart | Despre noi","description":"Suntem o companie ce produce sisteme de plase anti insecte. Sisteme clasice, fixe, batante, rulou, glisante sau plisse.","robots":{"index":"index","follow":"follow","max-snippet":"max-snippet:-1","max-image-preview":"max-image-preview:large","max-video-preview":"max-video-preview:-1"},"canonical":"https:\/\/plaseinsecte.com\/en\/despre-noi\/","og_locale":"en_GB","og_type":"article","og_title":"Despre noi","og_description":"Suntem o companie ce produce sisteme de plase anti insecte. Sisteme clasice, fixe, batante, rulou, glisante sau plisse.","og_url":"https:\/\/plaseinsecte.com\/en\/despre-noi\/","og_site_name":"plaseinsecte.com","article_publisher":"https:\/\/www.facebook.com\/plaseinsecte.bbbinvest.ro","article_modified_time":"2026-03-23T08:13:01+00:00","og_image":[{"width":1000,"height":1000,"url":"https:\/\/plaseinsecte.com\/wp-content\/uploads\/2026\/02\/Plase-insecte-logo-v3.png","type":"image\/png"}],"twitter_card":"summary_large_image","twitter_misc":{"Estimated reading time":"3 minutes"},"schema":{"@context":"https:\/\/schema.org","@graph":[{"@type":"WebPage","@id":"https:\/\/plaseinsecte.com\/despre-noi\/","url":"https:\/\/plaseinsecte.com\/despre-noi\/","name":"Plase Insecte - B-Smart | Despre noi","isPartOf":{"@id":"https:\/\/plaseinsecte.com\/#website"},"datePublished":"2024-01-15T13:04:44+00:00","dateModified":"2026-03-23T08:13:01+00:00","description":"Suntem o companie ce produce sisteme de plase anti insecte. Sisteme clasice, fixe, batante, rulou, glisante sau plisse.","breadcrumb":{"@id":"https:\/\/plaseinsecte.com\/despre-noi\/#breadcrumb"},"inLanguage":"en-GB","potentialAction":[{"@type":"ReadAction","target":["https:\/\/plaseinsecte.com\/despre-noi\/"]}]},{"@type":"BreadcrumbList","@id":"https:\/\/plaseinsecte.com\/despre-noi\/#breadcrumb","itemListElement":[{"@type":"ListItem","position":1,"name":"Prima pagin\u0103","item":"https:\/\/plaseinsecte.com\/"},{"@type":"ListItem","position":2,"name":"Despre noi"}]},{"@type":"WebSite","@id":"https:\/\/plaseinsecte.com\/#website","url":"https:\/\/plaseinsecte.com\/","name":"plaseinsecte.com","description":"Pentru un somn lini\u0219tit","publisher":{"@id":"https:\/\/plaseinsecte.com\/#organization"},"potentialAction":[{"@type":"SearchAction","target":{"@type":"EntryPoint","urlTemplate":"https:\/\/plaseinsecte.com\/?s={search_term_string}"},"query-input":{"@type":"PropertyValueSpecification","valueRequired":true,"valueName":"search_term_string"}}],"inLanguage":"en-GB"},{"@type":["Organization","Place","HomeAndConstructionBusiness"],"@id":"https:\/\/plaseinsecte.com\/#organization","name":"plaseinsecte.com","url":"https:\/\/plaseinsecte.com\/","logo":{"@id":"https:\/\/plaseinsecte.com\/despre-noi\/#local-main-organization-logo"},"image":{"@id":"https:\/\/plaseinsecte.com\/despre-noi\/#local-main-organization-logo"},"sameAs":["https:\/\/www.facebook.com\/plaseinsecte.bbbinvest.ro"],"description":"We work with partners in installation, manufacturing, and real estate development, providing insect screen systems designed for proper integration and long-term use. We focus on precise execution, materials suited for modern projects, and a discreet aesthetic that complements joinery without compromise.","address":{"@id":"https:\/\/plaseinsecte.com\/despre-noi\/#local-main-place-address"},"telephone":["0771 448 785"],"contactPoint":{"@type":"ContactPoint","telephone":"0771 448 785","email":"contact@plaseinsecte.com"},"openingHoursSpecification":[{"@type":"OpeningHoursSpecification","dayOfWeek":["Monday","Tuesday","Wednesday","Thursday","Friday"],"opens":"09:00","closes":"16:30"},{"@type":"OpeningHoursSpecification","dayOfWeek":["Saturday","Sunday"],"opens":"00:00","closes":"00:00"}],"email":"contact@plaseinsecte.com","vatID":"RO24117467"},{"@type":"PostalAddress","@id":"https:\/\/plaseinsecte.com\/despre-noi\/#local-main-place-address","streetAddress":"Soseaua Alexandriei 98-100","addressLocality":"Bragadiru","postalCode":"077025","addressRegion":"Jude\u021bul Ilfov","addressCountry":"RO"},{"@type":"ImageObject","inLanguage":"en-GB","@id":"https:\/\/plaseinsecte.com\/despre-noi\/#local-main-organization-logo","url":"https:\/\/plaseinsecte.com\/wp-content\/uploads\/2026\/02\/Plase-insecte-logo-v3.png","contentUrl":"https:\/\/plaseinsecte.com\/wp-content\/uploads\/2026\/02\/Plase-insecte-logo-v3.png","width":1000,"height":1000,"caption":"plaseinsecte.com"}]},"geo.placename":"Bragadiru","geo.region":"Romania"},"_links":{"self":[{"href":"https:\/\/plaseinsecte.com\/en\/wp-json\/wp\/v2\/pages\/419","targetHints":{"allow":["GET"]}}],"collection":[{"href":"https:\/\/plaseinsecte.com\/en\/wp-json\/wp\/v2\/pages"}],"about":[{"href":"https:\/\/plaseinsecte.com\/en\/wp-json\/wp\/v2\/types\/page"}],"author":[{"embeddable":true,"href":"https:\/\/plaseinsecte.com\/en\/wp-json\/wp\/v2\/users\/1"}],"replies":[{"embeddable":true,"href":"https:\/\/plaseinsecte.com\/en\/wp-json\/wp\/v2\/comments?post=419"}],"version-history":[{"count":26,"href":"https:\/\/plaseinsecte.com\/en\/wp-json\/wp\/v2\/pages\/419\/revisions"}],"predecessor-version":[{"id":935,"href":"https:\/\/plaseinsecte.com\/en\/wp-json\/wp\/v2\/pages\/419\/revisions\/935"}],"wp:attachment":[{"href":"https:\/\/plaseinsecte.com\/en\/wp-json\/wp\/v2\/media?parent=419"}],"curies":[{"name":"wp","href":"https:\/\/api.w.org\/{rel}","templated":true}]}}